{"id":178,"date":"2021-02-09T23:23:44","date_gmt":"2021-02-09T21:23:44","guid":{"rendered":"http:\/\/dki.verband.lv\/?page_id=178"},"modified":"2021-05-30T21:12:04","modified_gmt":"2021-05-30T18:12:04","slug":"ziedojumi","status":"publish","type":"page","link":"https:\/\/dki.verband.lv\/?page_id=178","title":{"rendered":"Ziedojumi"},"content":{"rendered":"\n<figure class=\"wp-block-pullquote\"><blockquote><p><strong>LATVIJAS V\u0100CU SAVIEN\u012aBA<\/strong><\/p><p><strong>Re\u0123istr\u0101cijas nr.40008005523<\/strong><\/p><p><strong>Konta nr. ziedojumiem<\/strong><\/p><p><strong>Swedbank, HABA LV22,<\/strong><\/p><p><strong>LV54HABA0551013121593<\/strong><\/p><\/blockquote><\/figure>\n\n\n\n<p><strong><em>Ziedojumu p\u0101rv\u0113rte m\u0101kslas mirkl\u012b&#8230;<\/em><\/strong><\/p>\n\n\n\n<p>Latvijas V\u0101cu savien\u012bbu t\u0101s ziedojumu kampa\u0146\u0101 atbalsta<strong>\u00a0Yu\u00a0Jen-chih\u00a0<\/strong>&#8211; gleznot\u0101js, grafikas m\u0101kslinieks un m\u0101kslas kriti\u0137is, dzimis 1977. gad\u0101 Taipej\u0101, Taiv\u0101n\u0101, m\u0101kslinieku un intelektu\u0101\u013cu \u0123imen\u0113. 1995. l\u012bdz 1999. gadam stud\u0113jis t\u0113lot\u0101jm\u0101kslu Taigenas Universit\u0101t\u0113 Ta\u010dung\u0101 (Taiv\u0101n\u0101), p\u0113c tam Par\u012bzes Sorbonnas Universit\u0101t\u0113 ieguva gr\u0101du kino v\u0113stur\u0113 un sociolo\u0123ij\u0101. Vi\u0146a darbi atrodas vair\u0101k nek\u0101 15 valst\u012bs. Kop\u0161 1999.gada dz\u012bvo Francij\u0101. Pl\u0101no viesoties Latvij\u0101 2021. vai 2022. gad\u0101, un katram ziedot\u0101jam person\u012bgi uzd\u0101vin\u0101t izv\u0113l\u0113to m\u0101kslas darbu. \u00a0<\/p>\n\n\n\n<p>Latvijas V\u0101cu savien\u012bbas LIELziedot\u0101jam (no 500 eiro ziedojums) izv\u0113lei pied\u0101v\u0101tie darbi p\u0113c izv\u0113les.<\/p>\n\n\n\n<div class=\"wp-block-media-text alignwide is-stacked-on-mobile\"><figure class=\"wp-block-media-text__media\"><img loading=\"lazy\" width=\"640\" height=\"239\" src=\"http:\/\/dki.verband.lv\/wp-content\/uploads\/2021\/05\/Yu-Red-Hydrangea-II.jpg\" alt=\"\" class=\"wp-image-264 size-full\" srcset=\"https:\/\/dki.verband.lv\/wp-content\/uploads\/2021\/05\/Yu-Red-Hydrangea-II.jpg 640w, https:\/\/dki.verband.lv\/wp-content\/uploads\/2021\/05\/Yu-Red-Hydrangea-II-300x112.jpg 300w\" sizes=\"(max-width: 640px) 100vw, 640px\" \/><\/figure><div class=\"wp-block-media-text__content\">\n<p class=\"has-large-font-size\">Kokgriezums sarkans 2019, izm\u0113rs 25 x 62 cm<\/p>\n<\/div><\/div>\n\n\n\n<div class=\"wp-block-media-text alignwide is-stacked-on-mobile\"><figure class=\"wp-block-media-text__media\"><img loading=\"lazy\" width=\"640\" height=\"241\" src=\"http:\/\/dki.verband.lv\/wp-content\/uploads\/2021\/05\/Yu-Red-Hydrangea-IV.jpg\" alt=\"\" class=\"wp-image-265 size-full\" srcset=\"https:\/\/dki.verband.lv\/wp-content\/uploads\/2021\/05\/Yu-Red-Hydrangea-IV.jpg 640w, https:\/\/dki.verband.lv\/wp-content\/uploads\/2021\/05\/Yu-Red-Hydrangea-IV-300x113.jpg 300w\" sizes=\"(max-width: 640px) 100vw, 640px\" \/><\/figure><div class=\"wp-block-media-text__content\">\n<p class=\"has-large-font-size\">Kokgriezums sarkans 2019, izm\u0113rs 25 x 62 cm<\/p>\n<\/div><\/div>\n\n\n\n<div class=\"wp-block-media-text alignwide is-stacked-on-mobile\"><figure class=\"wp-block-media-text__media\"><img loading=\"lazy\" width=\"480\" height=\"177\" src=\"http:\/\/dki.verband.lv\/wp-content\/uploads\/2021\/05\/yu-jen-chih-red-hydrangea-v.jpg\" alt=\"\" class=\"wp-image-266 size-full\" srcset=\"https:\/\/dki.verband.lv\/wp-content\/uploads\/2021\/05\/yu-jen-chih-red-hydrangea-v.jpg 480w, https:\/\/dki.verband.lv\/wp-content\/uploads\/2021\/05\/yu-jen-chih-red-hydrangea-v-300x111.jpg 300w\" sizes=\"(max-width: 480px) 100vw, 480px\" \/><\/figure><div class=\"wp-block-media-text__content\">\n<p class=\"has-large-font-size\">Kokgriezums sarkans 2019, izm\u0113rs 25 x 62 cm<\/p>\n<\/div><\/div>\n\n\n\n<div class=\"wp-block-media-text alignwide is-stacked-on-mobile is-vertically-aligned-top\"><figure class=\"wp-block-media-text__media\"><img loading=\"lazy\" width=\"675\" height=\"1024\" src=\"http:\/\/dki.verband.lv\/wp-content\/uploads\/2021\/05\/20200222_132036-675x1024.jpg\" alt=\"\" class=\"wp-image-267 size-full\" srcset=\"https:\/\/dki.verband.lv\/wp-content\/uploads\/2021\/05\/20200222_132036-675x1024.jpg 675w, https:\/\/dki.verband.lv\/wp-content\/uploads\/2021\/05\/20200222_132036-198x300.jpg 198w, https:\/\/dki.verband.lv\/wp-content\/uploads\/2021\/05\/20200222_132036-768x1166.jpg 768w, https:\/\/dki.verband.lv\/wp-content\/uploads\/2021\/05\/20200222_132036-1012x1536.jpg 1012w, https:\/\/dki.verband.lv\/wp-content\/uploads\/2021\/05\/20200222_132036.jpg 1242w\" sizes=\"(max-width: 675px) 100vw, 675px\" \/><\/figure><div class=\"wp-block-media-text__content\">\n<p class=\"has-large-font-size\">Kokgriezums (melns\/sarkans)\u00a02020, izm\u0113rs 95 x 62 cm\u00a0<\/p>\n<\/div><\/div>\n\n\n\n<div class=\"wp-block-media-text alignwide is-stacked-on-mobile is-vertically-aligned-top\"><figure class=\"wp-block-media-text__media\"><img loading=\"lazy\" width=\"660\" height=\"1024\" src=\"http:\/\/dki.verband.lv\/wp-content\/uploads\/2021\/05\/20200222_131817-660x1024.jpg\" alt=\"\" class=\"wp-image-268 size-full\" srcset=\"https:\/\/dki.verband.lv\/wp-content\/uploads\/2021\/05\/20200222_131817-660x1024.jpg 660w, https:\/\/dki.verband.lv\/wp-content\/uploads\/2021\/05\/20200222_131817-193x300.jpg 193w, https:\/\/dki.verband.lv\/wp-content\/uploads\/2021\/05\/20200222_131817-768x1192.jpg 768w, https:\/\/dki.verband.lv\/wp-content\/uploads\/2021\/05\/20200222_131817-990x1536.jpg 990w, https:\/\/dki.verband.lv\/wp-content\/uploads\/2021\/05\/20200222_131817.jpg 1256w\" sizes=\"(max-width: 660px) 100vw, 660px\" \/><\/figure><div class=\"wp-block-media-text__content\">\n<p class=\"has-large-font-size\">Kokgriezums (melns\/sarkans)\u00a02020, izm\u0113rs 95 x 62 cm\u00a0<\/p>\n<\/div><\/div>\n\n\n\n<div class=\"wp-block-media-text alignwide is-stacked-on-mobile is-vertically-aligned-top\"><figure class=\"wp-block-media-text__media\"><img loading=\"lazy\" width=\"675\" height=\"1024\" src=\"http:\/\/dki.verband.lv\/wp-content\/uploads\/2021\/05\/20200222_132036-1-675x1024.jpg\" alt=\"\" class=\"wp-image-269 size-full\" srcset=\"https:\/\/dki.verband.lv\/wp-content\/uploads\/2021\/05\/20200222_132036-1-675x1024.jpg 675w, https:\/\/dki.verband.lv\/wp-content\/uploads\/2021\/05\/20200222_132036-1-198x300.jpg 198w, https:\/\/dki.verband.lv\/wp-content\/uploads\/2021\/05\/20200222_132036-1-768x1166.jpg 768w, https:\/\/dki.verband.lv\/wp-content\/uploads\/2021\/05\/20200222_132036-1-1012x1536.jpg 1012w, https:\/\/dki.verband.lv\/wp-content\/uploads\/2021\/05\/20200222_132036-1.jpg 1242w\" sizes=\"(max-width: 675px) 100vw, 675px\" \/><\/figure><div class=\"wp-block-media-text__content\">\n<p class=\"has-large-font-size\">Kokgriezums (melns\/sarkans)\u00a02020, izm\u0113rs 95 x 62 cm\u00a0<\/p>\n<\/div><\/div>\n","protected":false},"excerpt":{"rendered":"<p>LATVIJAS V\u0100CU SAVIEN\u012aBA Re\u0123istr\u0101cijas nr.40008005523 Konta nr. ziedojumiem Swedbank, HABA LV22, LV54HABA0551013121593 Ziedojumu p\u0101rv\u0113rte m\u0101kslas mirkl\u012b&#8230; Latvijas V\u0101cu savien\u012bbu t\u0101s ziedojumu kampa\u0146\u0101 atbalsta\u00a0Yu\u00a0Jen-chih\u00a0&#8211; gleznot\u0101js, grafikas m\u0101kslinieks un m\u0101kslas kriti\u0137is, dzimis 1977. gad\u0101 Taipej\u0101, Taiv\u0101n\u0101, m\u0101kslinieku un intelektu\u0101\u013cu \u0123imen\u0113. 1995. l\u012bdz 1999. gadam stud\u0113jis t\u0113lot\u0101jm\u0101kslu Taigenas Universit\u0101t\u0113 Ta\u010dung\u0101 (Taiv\u0101n\u0101), p\u0113c tam Par\u012bzes Sorbonnas Universit\u0101t\u0113 ieguva gr\u0101du&hellip;&nbsp;<a href=\"https:\/\/dki.verband.lv\/?page_id=178\" class=\"\" rel=\"bookmark\">Read More &raquo;<span class=\"screen-reader-text\">Ziedojumi<\/span><\/a><\/p>\n","protected":false},"author":1,"featured_media":0,"parent":0,"menu_order":0,"comment_status":"closed","ping_status":"closed","template":"","meta":{"neve_meta_sidebar":"full-width","neve_meta_container":"","neve_meta_enable_content_width":"on","neve_meta_content_width":100,"neve_meta_title_alignment":"","neve_meta_author_avatar":"","neve_post_elements_order":"","neve_meta_disable_header":"","neve_meta_disable_footer":"","neve_meta_disable_title":"","_ti_tpc_template_sync":false,"_ti_tpc_template_id":""},"_links":{"self":[{"href":"https:\/\/dki.verband.lv\/index.php?rest_route=\/wp\/v2\/pages\/178"}],"collection":[{"href":"https:\/\/dki.verband.lv\/index.php?rest_route=\/wp\/v2\/pages"}],"about":[{"href":"https:\/\/dki.verband.lv\/index.php?rest_route=\/wp\/v2\/types\/page"}],"author":[{"embeddable":true,"href":"https:\/\/dki.verband.lv\/index.php?rest_route=\/wp\/v2\/users\/1"}],"replies":[{"embeddable":true,"href":"https:\/\/dki.verband.lv\/index.php?rest_route=%2Fwp%2Fv2%2Fcomments&post=178"}],"version-history":[{"count":2,"href":"https:\/\/dki.verband.lv\/index.php?rest_route=\/wp\/v2\/pages\/178\/revisions"}],"predecessor-version":[{"id":270,"href":"https:\/\/dki.verband.lv\/index.php?rest_route=\/wp\/v2\/pages\/178\/revisions\/270"}],"wp:attachment":[{"href":"https:\/\/dki.verband.lv\/index.php?rest_route=%2Fwp%2Fv2%2Fmedia&parent=178"}],"curies":[{"name":"wp","href":"https:\/\/api.w.org\/{rel}","templated":true}]}}