{"id":205,"date":"2021-03-03T22:24:53","date_gmt":"2021-03-03T20:24:53","guid":{"rendered":"http:\/\/dki.verband.lv\/?page_id=205"},"modified":"2021-09-23T17:46:50","modified_gmt":"2021-09-23T14:46:50","slug":"par-pasvaldibu-velesanam","status":"publish","type":"page","link":"https:\/\/dki.verband.lv\/?page_id=205","title":{"rendered":"Telefonu akcija &#8211; Ja ir v\u0113l\u0113\u0161an\u0101s, tad j\u0101piedal\u0101s v\u0113l\u0113\u0161an\u0101s! 01.04 &#8211; 05.06.2021"},"content":{"rendered":"\n<p>Aicin\u0101m Liep\u0101jas un Ventspils pils\u0113tas, Dienvidkurzemes, Dobeles, Tukuma un Ventspils novada  iedz\u012bvot\u0101jus b\u016bt pilsoniski akt\u012bviem un piedal\u012bties aktivit\u0101t\u0113 &#8220;Ja ir v\u0113l\u0113\u0161an\u0101s, tad j\u0101piedal\u0101s v\u0113l\u0113\u0161an\u0101s!&#8221;<\/p>\n\n\n\n<p>No 1. apr\u012b\u013ca l\u012bdz 5. j\u016bnijam katru darba dienu no plkst. 10.00 l\u012bdz. 12.00 zvaniet vienam no Latvijas vado\u0161ajam valststies\u012bbu un v\u0113l\u0113\u0161anu procesa ekspertiem Arv\u012bdam Dravniekam un sa\u0146emiet bezmaksas konsult\u0101cijas par gaid\u0101maj\u0101m pa\u0161vald\u012bbu v\u0113l\u0113\u0161an\u0101m.<\/p>\n\n\n\n<p>Zvans ir bez maksas! T\u0101lrunis diskusijai &#8211; 27 341 918 (no 1. apr\u012b\u013ca l\u012bdz 5. j\u016bnijam, darba dien\u0101s no plkst. 10.00 l\u012bdz 12.00).<\/p>\n\n\n\n<div class=\"wp-block-columns\">\n<div class=\"wp-block-column\">\n<figure class=\"wp-block-image size-large\"><img loading=\"lazy\" width=\"724\" height=\"1024\" src=\"http:\/\/dki.verband.lv\/wp-content\/uploads\/2021\/03\/Velesanas_Dravnieks_V4-724x1024.jpg\" alt=\"\" class=\"wp-image-206\" srcset=\"https:\/\/dki.verband.lv\/wp-content\/uploads\/2021\/03\/Velesanas_Dravnieks_V4-724x1024.jpg 724w, https:\/\/dki.verband.lv\/wp-content\/uploads\/2021\/03\/Velesanas_Dravnieks_V4-212x300.jpg 212w, https:\/\/dki.verband.lv\/wp-content\/uploads\/2021\/03\/Velesanas_Dravnieks_V4-768x1086.jpg 768w, https:\/\/dki.verband.lv\/wp-content\/uploads\/2021\/03\/Velesanas_Dravnieks_V4-1086x1536.jpg 1086w, https:\/\/dki.verband.lv\/wp-content\/uploads\/2021\/03\/Velesanas_Dravnieks_V4-1448x2048.jpg 1448w, https:\/\/dki.verband.lv\/wp-content\/uploads\/2021\/03\/Velesanas_Dravnieks_V4-scaled.jpg 1810w\" sizes=\"(max-width: 724px) 100vw, 724px\" \/><\/figure>\n<\/div>\n\n\n\n<div class=\"wp-block-column\">\n<figure class=\"wp-block-image size-large\"><img loading=\"lazy\" width=\"1024\" height=\"670\" src=\"http:\/\/dki.verband.lv\/wp-content\/uploads\/2021\/03\/jauns-01-1024x670.jpg\" alt=\"\" class=\"wp-image-239\" srcset=\"https:\/\/dki.verband.lv\/wp-content\/uploads\/2021\/03\/jauns-01-1024x670.jpg 1024w, https:\/\/dki.verband.lv\/wp-content\/uploads\/2021\/03\/jauns-01-300x196.jpg 300w, https:\/\/dki.verband.lv\/wp-content\/uploads\/2021\/03\/jauns-01-768x503.jpg 768w, https:\/\/dki.verband.lv\/wp-content\/uploads\/2021\/03\/jauns-01-1536x1005.jpg 1536w, https:\/\/dki.verband.lv\/wp-content\/uploads\/2021\/03\/jauns-01-2048x1340.jpg 2048w\" sizes=\"(max-width: 1024px) 100vw, 1024px\" \/><\/figure>\n<\/div>\n<\/div>\n","protected":false},"excerpt":{"rendered":"<p>Aicin\u0101m Liep\u0101jas un Ventspils pils\u0113tas, Dienvidkurzemes, Dobeles, Tukuma un Ventspils novada iedz\u012bvot\u0101jus b\u016bt pilsoniski akt\u012bviem un piedal\u012bties aktivit\u0101t\u0113 &#8220;Ja ir v\u0113l\u0113\u0161an\u0101s, tad j\u0101piedal\u0101s v\u0113l\u0113\u0161an\u0101s!&#8221; No 1. apr\u012b\u013ca l\u012bdz 5. j\u016bnijam katru darba dienu no plkst. 10.00 l\u012bdz. 12.00 zvaniet vienam no Latvijas vado\u0161ajam valststies\u012bbu un v\u0113l\u0113\u0161anu procesa ekspertiem Arv\u012bdam Dravniekam un sa\u0146emiet bezmaksas konsult\u0101cijas par&hellip;&nbsp;<a href=\"https:\/\/dki.verband.lv\/?page_id=205\" class=\"\" rel=\"bookmark\">Read More &raquo;<span class=\"screen-reader-text\">Telefonu akcija &#8211; Ja ir v\u0113l\u0113\u0161an\u0101s, tad j\u0101piedal\u0101s v\u0113l\u0113\u0161an\u0101s! 01.04 &#8211; 05.06.2021<\/span><\/a><\/p>\n","protected":false},"author":1,"featured_media":0,"parent":0,"menu_order":0,"comment_status":"closed","ping_status":"closed","template":"","meta":{"neve_meta_sidebar":"full-width","neve_meta_container":"","neve_meta_enable_content_width":"on","neve_meta_content_width":100,"neve_meta_title_alignment":"","neve_meta_author_avatar":"","neve_post_elements_order":"","neve_meta_disable_header":"","neve_meta_disable_footer":"","neve_meta_disable_title":"","_ti_tpc_template_sync":false,"_ti_tpc_template_id":""},"_links":{"self":[{"href":"https:\/\/dki.verband.lv\/index.php?rest_route=\/wp\/v2\/pages\/205"}],"collection":[{"href":"https:\/\/dki.verband.lv\/index.php?rest_route=\/wp\/v2\/pages"}],"about":[{"href":"https:\/\/dki.verband.lv\/index.php?rest_route=\/wp\/v2\/types\/page"}],"author":[{"embeddable":true,"href":"https:\/\/dki.verband.lv\/index.php?rest_route=\/wp\/v2\/users\/1"}],"replies":[{"embeddable":true,"href":"https:\/\/dki.verband.lv\/index.php?rest_route=%2Fwp%2Fv2%2Fcomments&post=205"}],"version-history":[{"count":6,"href":"https:\/\/dki.verband.lv\/index.php?rest_route=\/wp\/v2\/pages\/205\/revisions"}],"predecessor-version":[{"id":297,"href":"https:\/\/dki.verband.lv\/index.php?rest_route=\/wp\/v2\/pages\/205\/revisions\/297"}],"wp:attachment":[{"href":"https:\/\/dki.verband.lv\/index.php?rest_route=%2Fwp%2Fv2%2Fmedia&parent=205"}],"curies":[{"name":"wp","href":"https:\/\/api.w.org\/{rel}","templated":true}]}}