{"id":213,"date":"2021-03-16T16:43:23","date_gmt":"2021-03-16T14:43:23","guid":{"rendered":"http:\/\/dki.verband.lv\/?page_id=213"},"modified":"2021-09-23T17:45:00","modified_gmt":"2021-09-23T14:45:00","slug":"velesanos-koks-ventspils-novada","status":"publish","type":"page","link":"https:\/\/dki.verband.lv\/?page_id=213","title":{"rendered":"&#8220;V\u0112L\u0112\u0160ANOS KOKS&#8221; VENTSPIL\u012a UN VENTSPILS novad\u0101 03. &#8211; 06.2021"},"content":{"rendered":"\n<div class=\"padlet-embed\" style=\"border:1px solid rgba(0,0,0,0.1);border-radius:2px;box-sizing:border-box;overflow:hidden;position:relative;width:100%;background:#F4F4F4\"><p style=\"padding:0;margin:0\"><iframe src=\"https:\/\/padlet.com\/embed\/fess86slu05tj5eg\" allow=\"camera;microphone;geolocation\" style=\"width:100%;height:608px;display:block;padding:0;margin:0\" frameborder=\"0\"><\/iframe><\/p><div style=\"padding:8px;text-align:right;margin:0;\"><a href=\"https:\/\/padlet.com?ref=embed\" style=\"padding:0;margin:0;border:none;display:block;line-height:1;height:16px\" target=\"_blank\" rel=\"noopener\"><img loading=\"lazy\" src=\"https:\/\/padlet.net\/embeds\/made_with_padlet.png\" style=\"padding:0;margin:0;background:none;border:none;display:inline;box-shadow:none\" alt=\"Made with Padlet\" width=\"86\" height=\"16\"><\/a><\/div><\/div>\n","protected":false},"excerpt":{"rendered":"","protected":false},"author":1,"featured_media":0,"parent":0,"menu_order":0,"comment_status":"closed","ping_status":"closed","template":"","meta":{"neve_meta_sidebar":"full-width","neve_meta_container":"","neve_meta_enable_content_width":"on","neve_meta_content_width":100,"neve_meta_title_alignment":"","neve_meta_author_avatar":"","neve_post_elements_order":"","neve_meta_disable_header":"","neve_meta_disable_footer":"","neve_meta_disable_title":"","_ti_tpc_template_sync":false,"_ti_tpc_template_id":""},"_links":{"self":[{"href":"https:\/\/dki.verband.lv\/index.php?rest_route=\/wp\/v2\/pages\/213"}],"collection":[{"href":"https:\/\/dki.verband.lv\/index.php?rest_route=\/wp\/v2\/pages"}],"about":[{"href":"https:\/\/dki.verband.lv\/index.php?rest_route=\/wp\/v2\/types\/page"}],"author":[{"embeddable":true,"href":"https:\/\/dki.verband.lv\/index.php?rest_route=\/wp\/v2\/users\/1"}],"replies":[{"embeddable":true,"href":"https:\/\/dki.verband.lv\/index.php?rest_route=%2Fwp%2Fv2%2Fcomments&post=213"}],"version-history":[{"count":3,"href":"https:\/\/dki.verband.lv\/index.php?rest_route=\/wp\/v2\/pages\/213\/revisions"}],"predecessor-version":[{"id":295,"href":"https:\/\/dki.verband.lv\/index.php?rest_route=\/wp\/v2\/pages\/213\/revisions\/295"}],"wp:attachment":[{"href":"https:\/\/dki.verband.lv\/index.php?rest_route=%2Fwp%2Fv2%2Fmedia&parent=213"}],"curies":[{"name":"wp","href":"https:\/\/api.w.org\/{rel}","templated":true}]}}