{"id":219,"date":"2021-03-22T09:29:22","date_gmt":"2021-03-22T07:29:22","guid":{"rendered":"http:\/\/dki.verband.lv\/?page_id=219"},"modified":"2021-03-22T09:29:22","modified_gmt":"2021-03-22T07:29:22","slug":"pasvaldibu-velesanas-norvegija","status":"publish","type":"page","link":"https:\/\/dki.verband.lv\/?page_id=219","title":{"rendered":"Pa\u0161vald\u012bbu v\u0113l\u0113\u0161anas Norv\u0113\u0123ij\u0101"},"content":{"rendered":"\n<p><strong>\u012asum\u0101 par pa\u0161vald\u012bbu v\u0113l\u0113\u0161an\u0101m Norv\u0113\u0123ij\u0101<\/strong><\/p>\n\n\n\n<p>M\u016bsu projekta Norv\u0113\u0123ijas partneri ir pieredz\u0113jusi nevalstisk\u0101 organiz\u0101cija Fjellugla Kompetanse AS, kas atrodas Norv\u0113\u0123ijas vidien\u0113 aptuveni 350 km uz zieme\u013ciem no Oslo. T\u0101s viens no vad\u012bt\u0101jiem ir biju\u0161ais Oslo Sociolo\u0123ijas instit\u016bta p\u0113tnieks, biznesa konsultants un izgl\u012bt\u012bbas sist\u0113mas eksperts Per Halvorsen.<\/p>\n\n\n\n<p>Norv\u0113\u0123ijas iedz\u012bvot\u0101ju skaits \u2013 5.4 mlj.<\/p>\n\n\n\n<p>Sniedzam mazu ieskatu m\u016bsu Skandin\u0101vijas kaimi\u0146u V\u0112L\u0112\u0160ANU sist\u0113m\u0101.<\/p>\n\n\n\n<p>Norv\u0113\u0123ija ir iedal\u012bta 11 administrat\u012bvos re\u0123ionos (fylker) jeb novados un 356 pa\u0161vald\u012bb\u0101s (kommuner\/kommunar). Pa\u0161vald\u012bbas ir atbild\u012bgas par pamatizgl\u012bt\u012bbu, ambulatorajiem vesel\u012bbas pakalpojumiem, senioru apr\u016bpi, bezdarbu un citiem soci\u0101lajiem servisiem, k\u0101 ar\u012b ekonomikas att\u012bst\u012bbu un pa\u0161vald\u012bbas ce\u013ciem. Katrai pa\u0161vald\u012bbai ir savs vad\u012bt\u0101js \u2013 m\u0113rs un pa\u0161vald\u012bbas dome. Pa\u0161vald\u012bbas padomes locek\u013cus iev\u0113l uz 4 gadiem.<\/p>\n\n\n\n<p>P\u0113d\u0113j\u0101s pa\u0161vald\u012bbu v\u0113l\u0113\u0161anas notika 2019. gada 9. septembr\u012b.<\/p>\n\n\n\n<p>Balso\u0161anas process:<\/p>\n\n\n\n<ul><li>Balsot var Norv\u0113\u0123ijas pilso\u0146i vecum\u0101 no 18 gadiem, kuru dz\u012bvesvieta ir re\u0123istr\u0113ta Norv\u0113\u0123ija.<\/li><li>Citi Zieme\u013cvalstu pilso\u0146i (D\u0101nija, Islande, Somija, Zviedrija) vecum\u0101 no 18 gadiem, kuru dz\u012bvesvieta ir re\u0123istr\u0113ta Norv\u0113\u0123ij\u0101.<\/li><li>\u0100rvalstu pilso\u0146i, kuri sasniegu\u0161i 18 gadu vecumu un kuru dz\u012bvesvieta ir Norv\u0113\u0123ija tr\u012bs gadus pirms v\u0113l\u0113\u0161anu dienas.<\/li><li>Visiem balsot\u0101jiem ir j\u0101b\u016bt re\u0123istr\u0113tiem (electoral register). Balsojums notiek konkr\u0113taj\u0101 pa\u0161vald\u012bb\u0101, kur\u0101 persona ir re\u0123istr\u0113ta. L\u012bdz\u012bgi k\u0101 Latvij\u0101. Ir iesp\u0113ja nobalsot ar\u012b \u0101tr\u0101k. Lai balsotu, ir nepiecie\u0161ams personas apliecino\u0161s dokuments.<\/li><li>Pati balso\u0161ana ir l\u012bdz\u012bga k\u0101 Latvij\u0101 \u2013 nepiecie\u0161ams izv\u0113l\u0113ties personas no saraksta. Ir iesp\u0113ja nodot ar\u012b tuk\u0161u balsi.<\/li><\/ul>\n\n\n\n<p>Politisk\u0101s partijas tiek re\u0123istr\u0113tas nacion\u0101l\u0101, novadu un pa\u0161vald\u012bbu l\u012bmen\u012b, t.sk., iek\u013caujot ar\u012b ar t\u0101m saist\u012bt\u0101s jaunatnes organiz\u0101cijas.<\/p>\n\n\n\n<p><strong>Da\u017ei politisko partiju kampa\u0146u piem\u0113ri<\/strong><\/p>\n\n\n\n<div class=\"wp-block-columns\">\n<div class=\"wp-block-column\" style=\"flex-basis:33.33%\">\n<figure class=\"wp-block-image size-large\"><img loading=\"lazy\" width=\"588\" height=\"589\" src=\"http:\/\/dki.verband.lv\/wp-content\/uploads\/2021\/03\/Attels1.jpg\" alt=\"\" class=\"wp-image-220\" srcset=\"https:\/\/dki.verband.lv\/wp-content\/uploads\/2021\/03\/Attels1.jpg 588w, https:\/\/dki.verband.lv\/wp-content\/uploads\/2021\/03\/Attels1-300x300.jpg 300w, https:\/\/dki.verband.lv\/wp-content\/uploads\/2021\/03\/Attels1-150x150.jpg 150w\" sizes=\"(max-width: 588px) 100vw, 588px\" \/><\/figure>\n<\/div>\n\n\n\n<div class=\"wp-block-column\" style=\"flex-basis:66.66%\">\n<p><strong>Darba partija &#8211; Arbeiderpartiet<\/strong> (Labour party)<\/p>\n\n\n\n<p>&nbsp;\u201cDaudzi cilv\u0113ki nevar at\u013cauties doties pie zob\u0101rsta. Nacion\u0101l\u0101 asambleja nol\u0113ma, ka ir pien\u0101cis laiks zobu vesel\u012bbas dienestu piel\u012bdzin\u0101t citiem vesel\u012bbas dienestiem.\u201d<\/p>\n<\/div>\n<\/div>\n\n\n\n<div class=\"wp-block-columns\">\n<div class=\"wp-block-column\" style=\"flex-basis:33.33%\">\n<figure class=\"wp-block-image size-large is-resized\"><img loading=\"lazy\" src=\"http:\/\/dki.verband.lv\/wp-content\/uploads\/2021\/03\/Attels2.jpg\" alt=\"\" class=\"wp-image-221\" width=\"356\" height=\"356\" srcset=\"https:\/\/dki.verband.lv\/wp-content\/uploads\/2021\/03\/Attels2.jpg 258w, https:\/\/dki.verband.lv\/wp-content\/uploads\/2021\/03\/Attels2-150x150.jpg 150w\" sizes=\"(max-width: 356px) 100vw, 356px\" \/><\/figure>\n<\/div>\n\n\n\n<div class=\"wp-block-column\" style=\"flex-basis:66.66%\">\n<p>M\u0113s saprotam domstarp\u012bbas un smagas debates, bet nekad niknumu un naidu. M\u0113s nesak\u0101rtot\u012bbai sak\u0101m n\u0113!<\/p>\n<\/div>\n<\/div>\n\n\n\n<div class=\"wp-block-columns\">\n<div class=\"wp-block-column\" style=\"flex-basis:33.33%\">\n<figure class=\"wp-block-image size-large\"><img loading=\"lazy\" width=\"591\" height=\"591\" src=\"http:\/\/dki.verband.lv\/wp-content\/uploads\/2021\/03\/Attels3.png\" alt=\"\" class=\"wp-image-222\" srcset=\"https:\/\/dki.verband.lv\/wp-content\/uploads\/2021\/03\/Attels3.png 591w, https:\/\/dki.verband.lv\/wp-content\/uploads\/2021\/03\/Attels3-300x300.png 300w, https:\/\/dki.verband.lv\/wp-content\/uploads\/2021\/03\/Attels3-150x150.png 150w\" sizes=\"(max-width: 591px) 100vw, 591px\" \/><\/figure>\n<\/div>\n\n\n\n<div class=\"wp-block-column\" style=\"flex-basis:66.66%\">\n<p><img loading=\"lazy\" width=\"258\" height=\"258\" src=\"\" alt=\"No photo description available.\">Sabiedr\u012bbas slimn\u012bcas v\u0101jina privatiz\u0101cija. Galven\u0101 \u0101rste Tilde Bro\u0161a \u00d8stborga netiks iesaist\u012bta. T\u0101p\u0113c vi\u0146a ir iest\u0101jusies Darba partij\u0101. Laipni l\u016bdzam komand\u0101!<\/p>\n<\/div>\n<\/div>\n\n\n\n<div class=\"wp-block-columns\">\n<div class=\"wp-block-column\" style=\"flex-basis:33.33%\">\n<figure class=\"wp-block-image size-large\"><img loading=\"lazy\" width=\"591\" height=\"591\" src=\"http:\/\/dki.verband.lv\/wp-content\/uploads\/2021\/03\/Attels4.jpg\" alt=\"\" class=\"wp-image-223\" srcset=\"https:\/\/dki.verband.lv\/wp-content\/uploads\/2021\/03\/Attels4.jpg 591w, https:\/\/dki.verband.lv\/wp-content\/uploads\/2021\/03\/Attels4-300x300.jpg 300w, https:\/\/dki.verband.lv\/wp-content\/uploads\/2021\/03\/Attels4-150x150.jpg 150w\" sizes=\"(max-width: 591px) 100vw, 591px\" \/><\/figure>\n<\/div>\n\n\n\n<div class=\"wp-block-column\" style=\"flex-basis:66.66%\">\n<p><strong>Konservat\u012bv\u0101 partija H\u00f8yre <\/strong>(Conservative party)<\/p>\n\n\n\n<p>Tagad nav \u201ces\u201d ir \u201cm\u0113s\u201d. (There is no \u201cI\u201d, there is \u201cwe\u201d)<\/p>\n<\/div>\n<\/div>\n\n\n\n<div class=\"wp-block-columns\">\n<div class=\"wp-block-column\" style=\"flex-basis:33.33%\">\n<figure class=\"wp-block-image size-large\"><img loading=\"lazy\" width=\"593\" height=\"594\" src=\"http:\/\/dki.verband.lv\/wp-content\/uploads\/2021\/03\/Attels5.jpg\" alt=\"\" class=\"wp-image-224\" srcset=\"https:\/\/dki.verband.lv\/wp-content\/uploads\/2021\/03\/Attels5.jpg 593w, https:\/\/dki.verband.lv\/wp-content\/uploads\/2021\/03\/Attels5-300x300.jpg 300w, https:\/\/dki.verband.lv\/wp-content\/uploads\/2021\/03\/Attels5-150x150.jpg 150w\" sizes=\"(max-width: 593px) 100vw, 593px\" \/><\/figure>\n<\/div>\n\n\n\n<div class=\"wp-block-column\" style=\"flex-basis:66.66%\">\n<p>Uz bildes:<\/p>\n\n\n\n<p>M\u0113s atrodam risin\u0101jumus tur, kur citi redz probl\u0113mas.<\/p>\n\n\n\n<p><em>Apraksts:<\/em><\/p>\n\n\n\n<p><em>\u0160\u012b rudens v\u0113l\u0113\u0161anas ir par viet\u0113jiem jaut\u0101jumiem un viet\u0113jiem kandid\u0101tiem. Konservat\u012bvie str\u0101d\u0101 skol\u0101s, kuru centr\u0101 ir zin\u0101\u0161anas un meistar\u012bba. M\u0113s str\u0101d\u0101jam vec\u0101ka gadag\u0101juma cilv\u0113ku apr\u016bp\u0113 ar liel\u0101ku aktivit\u0101ti, kas noz\u012bm\u0113, ka maz\u0101k cilv\u0113ku ir vientu\u013ci. Tur, kur citi redz probl\u0113mas, m\u0113s mekl\u0113jam risin\u0101jumus. M\u0113s ticam Norv\u0113\u0123ijai. Ja \u0161ie jums ir svar\u012bgi jaut\u0101jumi, atcerieties, ka tagad j\u016bs varat nobalsot par Konservat\u012bvo partiju ar\u012b iepriek\u0161. Laba izv\u0113le!<\/em><\/p>\n<\/div>\n<\/div>\n\n\n\n<div class=\"wp-block-columns\">\n<div class=\"wp-block-column\" style=\"flex-basis:33.33%\">\n<figure class=\"wp-block-image size-large\"><img loading=\"lazy\" width=\"593\" height=\"593\" src=\"http:\/\/dki.verband.lv\/wp-content\/uploads\/2021\/03\/Attels6.jpg\" alt=\"\" class=\"wp-image-225\" srcset=\"https:\/\/dki.verband.lv\/wp-content\/uploads\/2021\/03\/Attels6.jpg 593w, https:\/\/dki.verband.lv\/wp-content\/uploads\/2021\/03\/Attels6-300x300.jpg 300w, https:\/\/dki.verband.lv\/wp-content\/uploads\/2021\/03\/Attels6-150x150.jpg 150w\" sizes=\"(max-width: 593px) 100vw, 593px\" \/><\/figure>\n<\/div>\n\n\n\n<div class=\"wp-block-column\" style=\"flex-basis:66.66%\">\n<p><strong>Progresa partija Fremskrittspartiet<\/strong><\/p>\n\n\n\n<p>Uz bildes:<\/p>\n\n\n\n<p>Vec\u0101kiem cilv\u0113kiem ir j\u0101dz\u012bvo visu m\u016b\u017eu!<\/p>\n\n\n\n<p><em>Apraksts:<\/em><\/p>\n\n\n\n<p><em>Progresa partija ir par lab\u0101k\u0101m vecumdien\u0101m. M\u0113s ticam, ka visiem vec\u0101ka gadag\u0101juma \u013caud\u012bm ir j\u0101dz\u012bvo kvalitat\u012bvi, ar dro\u0161\u012bbu, apr\u016bpi un aktivit\u0101t\u0113m. Piekr\u012btat? Spie\u017eat like un p\u0101rs\u016bt\u0101t!<\/em><\/p>\n<\/div>\n<\/div>\n\n\n\n<div class=\"wp-block-columns\">\n<div class=\"wp-block-column\" style=\"flex-basis:33.33%\">\n<figure class=\"wp-block-image size-large\"><img loading=\"lazy\" width=\"593\" height=\"593\" src=\"http:\/\/dki.verband.lv\/wp-content\/uploads\/2021\/03\/Attels8.jpg\" alt=\"\" class=\"wp-image-226\" srcset=\"https:\/\/dki.verband.lv\/wp-content\/uploads\/2021\/03\/Attels8.jpg 593w, https:\/\/dki.verband.lv\/wp-content\/uploads\/2021\/03\/Attels8-300x300.jpg 300w, https:\/\/dki.verband.lv\/wp-content\/uploads\/2021\/03\/Attels8-150x150.jpg 150w\" sizes=\"(max-width: 593px) 100vw, 593px\" \/><\/figure>\n<\/div>\n\n\n\n<div class=\"wp-block-column\" style=\"flex-basis:66.66%\">\n<p>Uz bildes:<\/p>\n\n\n\n<p>Norv\u0113\u0123ija nav Eiropas soci\u0101lais birojs!<\/p>\n\n\n\n<p><em>Apraksts:<\/em><\/p>\n\n\n\n<p><em>Progresa partija tic, ka labkl\u0101j\u012bbas pabalstiem ir j\u0101nok\u013c\u016bst pie norv\u0113\u0123iem un citiem, kuri str\u0101d\u0101 un dz\u012bvo Norv\u0113\u0123ij\u0101. Mums nav j\u0101b\u016bt Eiropas soci\u0101lajam birojam.<\/em><\/p>\n<\/div>\n<\/div>\n\n\n\n<p><\/p>\n","protected":false},"excerpt":{"rendered":"<p>\u012asum\u0101 par pa\u0161vald\u012bbu v\u0113l\u0113\u0161an\u0101m Norv\u0113\u0123ij\u0101 M\u016bsu projekta Norv\u0113\u0123ijas partneri ir pieredz\u0113jusi nevalstisk\u0101 organiz\u0101cija Fjellugla Kompetanse AS, kas atrodas Norv\u0113\u0123ijas vidien\u0113 aptuveni 350 km uz zieme\u013ciem no Oslo. T\u0101s viens no vad\u012bt\u0101jiem ir biju\u0161ais Oslo Sociolo\u0123ijas instit\u016bta p\u0113tnieks, biznesa konsultants un izgl\u012bt\u012bbas sist\u0113mas eksperts Per Halvorsen. Norv\u0113\u0123ijas iedz\u012bvot\u0101ju skaits \u2013 5.4 mlj. Sniedzam mazu ieskatu m\u016bsu&hellip;&nbsp;<a href=\"https:\/\/dki.verband.lv\/?page_id=219\" class=\"\" rel=\"bookmark\">Read More &raquo;<span class=\"screen-reader-text\">Pa\u0161vald\u012bbu v\u0113l\u0113\u0161anas Norv\u0113\u0123ij\u0101<\/span><\/a><\/p>\n","protected":false},"author":1,"featured_media":0,"parent":0,"menu_order":0,"comment_status":"closed","ping_status":"closed","template":"","meta":{"neve_meta_sidebar":"full-width","neve_meta_container":"","neve_meta_enable_content_width":"on","neve_meta_content_width":100,"neve_meta_title_alignment":"","neve_meta_author_avatar":"","neve_post_elements_order":"","neve_meta_disable_header":"","neve_meta_disable_footer":"","neve_meta_disable_title":"","_ti_tpc_template_sync":false,"_ti_tpc_template_id":""},"_links":{"self":[{"href":"https:\/\/dki.verband.lv\/index.php?rest_route=\/wp\/v2\/pages\/219"}],"collection":[{"href":"https:\/\/dki.verband.lv\/index.php?rest_route=\/wp\/v2\/pages"}],"about":[{"href":"https:\/\/dki.verband.lv\/index.php?rest_route=\/wp\/v2\/types\/page"}],"author":[{"embeddable":true,"href":"https:\/\/dki.verband.lv\/index.php?rest_route=\/wp\/v2\/users\/1"}],"replies":[{"embeddable":true,"href":"https:\/\/dki.verband.lv\/index.php?rest_route=%2Fwp%2Fv2%2Fcomments&post=219"}],"version-history":[{"count":1,"href":"https:\/\/dki.verband.lv\/index.php?rest_route=\/wp\/v2\/pages\/219\/revisions"}],"predecessor-version":[{"id":227,"href":"https:\/\/dki.verband.lv\/index.php?rest_route=\/wp\/v2\/pages\/219\/revisions\/227"}],"wp:attachment":[{"href":"https:\/\/dki.verband.lv\/index.php?rest_route=%2Fwp%2Fv2%2Fmedia&parent=219"}],"curies":[{"name":"wp","href":"https:\/\/api.w.org\/{rel}","templated":true}]}}