{"id":75,"date":"2021-02-01T23:17:32","date_gmt":"2021-02-01T21:17:32","guid":{"rendered":"http:\/\/dki.verband.lv\/?page_id=75"},"modified":"2021-02-04T23:21:35","modified_gmt":"2021-02-04T21:21:35","slug":"kandava","status":"publish","type":"page","link":"https:\/\/dki.verband.lv\/?page_id=75","title":{"rendered":"Kandava"},"content":{"rendered":"\n<figure class=\"wp-block-image size-large\"><img loading=\"lazy\" width=\"1024\" height=\"455\" src=\"http:\/\/dki.verband.lv\/wp-content\/uploads\/2021\/02\/Webp.net-resizeimage1-1024x455.jpg\" alt=\"\" class=\"wp-image-76\" srcset=\"https:\/\/dki.verband.lv\/wp-content\/uploads\/2021\/02\/Webp.net-resizeimage1-1024x455.jpg 1024w, https:\/\/dki.verband.lv\/wp-content\/uploads\/2021\/02\/Webp.net-resizeimage1-300x133.jpg 300w, https:\/\/dki.verband.lv\/wp-content\/uploads\/2021\/02\/Webp.net-resizeimage1-768x341.jpg 768w, https:\/\/dki.verband.lv\/wp-content\/uploads\/2021\/02\/Webp.net-resizeimage1.jpg 1173w\" sizes=\"(max-width: 1024px) 100vw, 1024px\" \/><\/figure>\n\n\n\n<h2 class=\"has-huge-font-size\">Pieteik\u0161an\u0101s<\/h2>\n\n\n\n<iframe loading=\"lazy\" src=\"https:\/\/docs.google.com\/forms\/d\/e\/1FAIpQLSfq1ZiO3pC558uReKfY9BwBONIux0boMddbfdpTW4IZ6A-IGw\/viewform?embedded=true\" width=\"1200\" height=\"1200\" frameborder=\"0\" marginheight=\"0\" marginwidth=\"0\">Notiek iel\u0101de\u2026<\/iframe>\n","protected":false},"excerpt":{"rendered":"<p>Pieteik\u0161an\u0101s Notiek iel\u0101de\u2026<\/p>\n","protected":false},"author":1,"featured_media":0,"parent":0,"menu_order":0,"comment_status":"closed","ping_status":"closed","template":"","meta":{"neve_meta_sidebar":"full-width","neve_meta_container":"","neve_meta_enable_content_width":"on","neve_meta_content_width":100,"neve_meta_title_alignment":"","neve_meta_author_avatar":"","neve_post_elements_order":"","neve_meta_disable_header":"","neve_meta_disable_footer":"","neve_meta_disable_title":"","_ti_tpc_template_sync":false,"_ti_tpc_template_id":""},"_links":{"self":[{"href":"https:\/\/dki.verband.lv\/index.php?rest_route=\/wp\/v2\/pages\/75"}],"collection":[{"href":"https:\/\/dki.verband.lv\/index.php?rest_route=\/wp\/v2\/pages"}],"about":[{"href":"https:\/\/dki.verband.lv\/index.php?rest_route=\/wp\/v2\/types\/page"}],"author":[{"embeddable":true,"href":"https:\/\/dki.verband.lv\/index.php?rest_route=\/wp\/v2\/users\/1"}],"replies":[{"embeddable":true,"href":"https:\/\/dki.verband.lv\/index.php?rest_route=%2Fwp%2Fv2%2Fcomments&post=75"}],"version-history":[{"count":2,"href":"https:\/\/dki.verband.lv\/index.php?rest_route=\/wp\/v2\/pages\/75\/revisions"}],"predecessor-version":[{"id":114,"href":"https:\/\/dki.verband.lv\/index.php?rest_route=\/wp\/v2\/pages\/75\/revisions\/114"}],"wp:attachment":[{"href":"https:\/\/dki.verband.lv\/index.php?rest_route=%2Fwp%2Fv2%2Fmedia&parent=75"}],"curies":[{"name":"wp","href":"https:\/\/api.w.org\/{rel}","templated":true}]}}